{"id":3032,"date":"2023-11-03T22:50:34","date_gmt":"2023-11-03T22:50:34","guid":{"rendered":"https:\/\/scarskin.co.uk\/?post_type=product&#038;p=3032"},"modified":"2025-06-27T09:01:13","modified_gmt":"2025-06-27T09:01:13","slug":"scarink-body","status":"publish","type":"product","link":"https:\/\/ncskinclinic.co.uk\/en\/product\/scarink-body\/","title":{"rendered":"ScarINK Body"},"content":{"rendered":"<h2>Szkolenie to dedykowane jest wykorzystaniu techniki scarINK w redukcji blizn i niedoskona\u0142o\u015bci na brzuchu, nogach, plecach i reszcie cia\u0142a.<\/h2>\n<p>Metoda ta polega na precyzyjnym nak\u0142uwaniu blizny ze szczeg\u00f3lnym uwzgl\u0119dnieniem g\u0142\u0119boko\u015bci i intensywno\u015bci w kluczowych miejscach defektu. Dzi\u0119ki indywidualnie dobranej terapii ka\u017cda blizna niezale\u017cnie od jej staro\u015bci i obszaru mo\u017ce by\u0107 skutecznie zniwelowana. Ponadto staranna praca z ig\u0142\u0105, sprawia, \u017ce nie dochodzi do traumatyzacji tkanek wko\u0142o blizny.<\/p>\n<p>Na szkoleniu z mikronak\u0142uwania blizn na ciele nauczysz si\u0119, jak pom\u00f3c swoim pacjentom po zabiegach, wypadkach, powik\u0142aniach po ci\u0105\u017cy czy operacjach plastycznych.<\/p>\n<p>&nbsp;<\/p>\n<h2>ScarINK Body training covers a range of skin topics, including:<\/h2>\n<ul>\n<li>blizny pooperacyjne i pourazowe,<\/li>\n<li>stretch marks,<\/li>\n<li>zwiotczenia,<\/li>\n<li>burn scars,<\/li>\n<li>defekty po ci\u0105\u017cy oraz po plastyce brzucha i plastyce piersi,<\/li>\n<li>working with defects (skin discoloration, sagging).<\/li>\n<\/ul>\n<p>&nbsp;<\/p>\n<h2>During the training, the following topics are discussed:<\/h2>\n<ul>\n<li>mechanizm dzia\u0142ania zabiegu: aparatura zabiegowa, wyb\u00f3r igie\u0142,<\/li>\n<li>puncture technique: angle, depth,<\/li>\n<li>zasady budowania i niszczenia.<\/li>\n<\/ul>\n<p>&nbsp;<\/p>\n<h2>Details:<\/h2>\n<h3>Training time:<\/h3>\n<ul>\n<li><strong>2 days<\/strong><\/li>\n<\/ul>\n<h3>Training plan:<\/h3>\n<ul>\n<li><strong>Day 1:<\/strong>\n<ul>\n<li>10.00-18.00 teoria i pokaz<\/li>\n<li>10:00-14:00 conversation lecture<\/li>\n<li>15:00-17:00 pokaz na modelce i om\u00f3wienie<\/li>\n<\/ul>\n<\/li>\n<li><strong>Day 2:<\/strong>\n<ul>\n<li>10.00-18:00 praktyka, w tym \u0107wiczenia manualne oraz praktyka na modelach.<\/li>\n<\/ul>\n<\/li>\n<\/ul>","protected":false},"excerpt":{"rendered":"<p>Szkolenie to dedykowane jest wykorzystaniu techniki scarINK w redukcji blizn i niedoskona\u0142o\u015bci na brzuchu, nogach, plecach i reszcie cia\u0142a. Metoda ta polega na precyzyjnym nak\u0142uwaniu blizny ze szczeg\u00f3lnym uwzgl\u0119dnieniem g\u0142\u0119boko\u015bci i intensywno\u015bci w kluczowych miejscach defektu. Dzi\u0119ki indywidualnie dobranej terapii ka\u017cda blizna niezale\u017cnie od jej staro\u015bci i obszaru mo\u017ce by\u0107 skutecznie zniwelowana. Ponadto staranna praca [&hellip;]<\/p>","protected":false},"featured_media":2980,"template":"","meta":[],"product_cat":[52],"product_tag":[],"class_list":["post-3032","product","type-product","status-publish","has-post-thumbnail","hentry","product_cat-szkolenia"],"acf":[],"_links":{"self":[{"href":"https:\/\/ncskinclinic.co.uk\/en\/wp-json\/wp\/v2\/product\/3032","targetHints":{"allow":["GET"]}}],"collection":[{"href":"https:\/\/ncskinclinic.co.uk\/en\/wp-json\/wp\/v2\/product"}],"about":[{"href":"https:\/\/ncskinclinic.co.uk\/en\/wp-json\/wp\/v2\/types\/product"}],"version-history":[{"count":7,"href":"https:\/\/ncskinclinic.co.uk\/en\/wp-json\/wp\/v2\/product\/3032\/revisions"}],"predecessor-version":[{"id":3825,"href":"https:\/\/ncskinclinic.co.uk\/en\/wp-json\/wp\/v2\/product\/3032\/revisions\/3825"}],"wp:featuredmedia":[{"embeddable":true,"href":"https:\/\/ncskinclinic.co.uk\/en\/wp-json\/wp\/v2\/media\/2980"}],"wp:attachment":[{"href":"https:\/\/ncskinclinic.co.uk\/en\/wp-json\/wp\/v2\/media?parent=3032"}],"wp:term":[{"taxonomy":"product_cat","embeddable":true,"href":"https:\/\/ncskinclinic.co.uk\/en\/wp-json\/wp\/v2\/product_cat?post=3032"},{"taxonomy":"product_tag","embeddable":true,"href":"https:\/\/ncskinclinic.co.uk\/en\/wp-json\/wp\/v2\/product_tag?post=3032"}],"curies":[{"name":"wp","href":"https:\/\/api.w.org\/{rel}","templated":true}]}}