{"id":3991,"date":"2024-02-14T22:24:22","date_gmt":"2024-02-14T22:24:22","guid":{"rendered":"https:\/\/scarskin.co.uk\/?post_type=product&#038;p=3991"},"modified":"2024-04-13T05:34:11","modified_gmt":"2024-04-13T05:34:11","slug":"all-about-scars","status":"publish","type":"product","link":"https:\/\/ncskinclinic.co.uk\/en\/product\/all-about-scars\/","title":{"rendered":"Event &#8222;ALL ABOUT SCARS&#8221;"},"content":{"rendered":"<p>SOLD OUT!!!<\/p>\n<p class=\"p1\"><b>Zapraszamy na konferencj\u0119 &#8222;ALL ABOUT SCARS&#8221;!<\/b><\/p>\n<p class=\"p1\">Data: 14 kwietnia 2024 roku<\/p>\n<p class=\"p1\">Miejsce: Village Hotel, Warrington<\/p>\n<p class=\"p1\">Chcesz pozna\u0107 tajniki terapii blizn? Od definicji po nowoczesne metody diagnozowania i niwelowania,<span class=\"Apple-converted-space\">\u00a0<\/span><\/p>\n<p class=\"p1\">a\u017c po przysz\u0142o\u015b\u0107 w in\u017cynierii tkankowej\u2026<\/p>\n<p class=\"p1\">Je\u015bli tak, to konferencja &#8222;ALL ABOUT SCARS&#8221; jest idealnym wydarzeniem dla Ciebie!<\/p>\n<p class=\"p1\">W\u015br\u00f3d temat\u00f3w poruszanych podczas konferencji znajduj\u0105 si\u0119 :<\/p>\n<p class=\"p1\">1. Sk\u00f3ra jako obszar powstawania blizny<span class=\"Apple-converted-space\">\u00a0<\/span><\/p>\n<p class=\"p1\">2. \u2060Definicja blizny i jej wp\u0142yw na funkcjonowanie sk\u00f3ry<\/p>\n<p class=\"p1\">3. \u2060Fazy gojenia i sposoby ich kontrolowania<\/p>\n<p class=\"p1\">3. \u2060Procesy stoj\u0105ce za powstawaniem blizny ( chemiczne, mechaniczne, psychosomatyczne<\/p>\n<p class=\"p1\">4. \u2060R\u00f3\u017cnice w gojeniu si\u0119 ran w zale\u017cno\u015bci od miejsca, g\u0142\u0119boko\u015bci i rodzaju uszkodzenia oraz czynniki<span class=\"Apple-converted-space\">\u00a0 <\/span>wp\u0142ywaj\u0105ce na proces gojenia<\/p>\n<p class=\"p1\">5. \u2060Wsp\u00f3\u0142czesne techniki diagnozowania blizn (temografia, ultrasonografia, elastografia, obrazowanie multimodalne, pomiary elektryczne)<\/p>\n<p class=\"p1\">6. \u2060Dermatozy, a blizny<\/p>\n<p class=\"p1\">7. \u2060In\u017cynieria tkankowa w odniesieniu do problematyki blizn<\/p>\n<p class=\"p1\">8. \u2060In\u017cynieria biomedyczna i Biocybernetyka<\/p>\n<p class=\"p1\">9. \u2060Najnowsze trendy w terapii blizn: przegl\u0105d globalny<span class=\"Apple-converted-space\">\u00a0<\/span><\/p>\n<p class=\"p1\">7. Metody niwelowania blizn- efektywno\u015b\u0107 terapii , a bezpiecze\u0144stwo dla sk\u00f3ry<\/p>\n<p class=\"p1\">8.Mikropunktura i jej ewololucja<\/p>\n<p class=\"p1\">9.Terapie manualne w leczeniu blizn<\/p>\n<p class=\"p1\">10.Skuteczne strategie w leczeniu blizn potr\u0105dzikowych<\/p>\n<p class=\"p1\">11.Prezentacje sukces\u00f3w terapeutycznych<\/p>\n<p class=\"p1\">12. Przysz\u0142o\u015b\u0107 w terapii blizn \u2013obszary dzia\u0142a\u0144 i<span class=\"Apple-converted-space\">\u00a0 <\/span>kierunki rozwoju<\/p>\n<p class=\"p1\">13.Aspekty prawne w pracy z blizn\u0105 w wielkiej Brytanii<\/p>\n<p class=\"p1\">Ta konferencja to nie tylko okazja do zdobycia naj\u015bwie\u017cszej wiedzy i informacji na temat terapii blizn, ale tak\u017ce mo\u017cliwo\u015b\u0107 wymiany do\u015bwiadcze\u0144 i nawi\u0105zania kontakt\u00f3w z profesjonalistami z bran\u017cy.<span class=\"Apple-converted-space\">\u00a0<\/span><\/p>\n<p class=\"p1\">Przedsprzeda\u017c bilet\u00f3w trwa do 15 Marca w\u0142\u0105cznie, od 16 Marca cena wzrasta do \u00a3129 do momentu odbycia si\u0119 wydarzenia.<\/p>\n<p class=\"p1\">","protected":false},"excerpt":{"rendered":"<p><strong>SOLD OUT!!!<\/strong><\/p>\n<p class=\"p1\"><b>Zapraszamy na konferencj\u0119 &#8222;ALL ABOUT SCARS&#8221;!<\/b><\/p>\n<p class=\"p1\">Data: 14 kwietnia 2024 roku<\/p>\n<p class=\"p1\">Miejsce: Village Hotel, Warrington<\/p>\n<p class=\"p1\">Chcesz pozna\u0107 tajniki terapii blizn? Od definicji po nowoczesne metody diagnozowania i niwelowania,<span class=\"Apple-converted-space\">\u00a0<\/span><\/p>\n<p class=\"p1\">a\u017c po przysz\u0142o\u015b\u0107 w in\u017cynierii tkankowej\u2026<\/p>\n<p class=\"p1\">Je\u015bli tak, to konferencja &#8222;ALL ABOUT SCARS&#8221; jest idealnym wydarzeniem dla Ciebie!<\/p>","protected":false},"featured_media":3981,"template":"","meta":[],"product_cat":[19],"product_tag":[],"class_list":["post-3991","product","type-product","status-publish","has-post-thumbnail","hentry","product_cat-domyslna-kategoria"],"acf":[],"_links":{"self":[{"href":"https:\/\/ncskinclinic.co.uk\/en\/wp-json\/wp\/v2\/product\/3991","targetHints":{"allow":["GET"]}}],"collection":[{"href":"https:\/\/ncskinclinic.co.uk\/en\/wp-json\/wp\/v2\/product"}],"about":[{"href":"https:\/\/ncskinclinic.co.uk\/en\/wp-json\/wp\/v2\/types\/product"}],"version-history":[{"count":9,"href":"https:\/\/ncskinclinic.co.uk\/en\/wp-json\/wp\/v2\/product\/3991\/revisions"}],"predecessor-version":[{"id":4087,"href":"https:\/\/ncskinclinic.co.uk\/en\/wp-json\/wp\/v2\/product\/3991\/revisions\/4087"}],"wp:featuredmedia":[{"embeddable":true,"href":"https:\/\/ncskinclinic.co.uk\/en\/wp-json\/wp\/v2\/media\/3981"}],"wp:attachment":[{"href":"https:\/\/ncskinclinic.co.uk\/en\/wp-json\/wp\/v2\/media?parent=3991"}],"wp:term":[{"taxonomy":"product_cat","embeddable":true,"href":"https:\/\/ncskinclinic.co.uk\/en\/wp-json\/wp\/v2\/product_cat?post=3991"},{"taxonomy":"product_tag","embeddable":true,"href":"https:\/\/ncskinclinic.co.uk\/en\/wp-json\/wp\/v2\/product_tag?post=3991"}],"curies":[{"name":"wp","href":"https:\/\/api.w.org\/{rel}","templated":true}]}}