{"id":64,"date":"2022-12-13T09:31:33","date_gmt":"2022-12-13T09:31:33","guid":{"rendered":"https:\/\/scarskin.co.uk\/?post_type=product&#038;p=64"},"modified":"2023-12-21T11:03:19","modified_gmt":"2023-12-21T11:03:19","slug":"scarink-face","status":"publish","type":"product","link":"https:\/\/ncskinclinic.co.uk\/en\/product\/scarink-face\/","title":{"rendered":"ScarInk Face"},"content":{"rendered":"<h2>This training is dedicated to the use of the scarINK technique to reduce scars and other facial imperfections.<\/h2>\n<p>Thanks to precise punctures, the microneedling method can be used even for small acne scars. The ability to work with the needle only on the recess makes it possible to even out the skin surface without thickening it around the defect.<\/p>\n<p>The scarINK technique is used to eliminate defects such as discolorations, burn scars, wrinkles and acne scars.<\/p>\n<p>The training also includes the original MicroPeel and MicroLift techniques, as a treatment to refresh the epidermis and prepare the tissue before cosmetic treatment. The treatment can be used to improve the quality of the skin before permanent makeup or after removing unsuccessful permanent makeup.<\/p>\n<p>&nbsp;<\/p>\n<h2>scarINK Face training focuses on the face, neck, cleavage and head areas and includes, among others: eliminating defects:<\/h2>\n<ul>\n<li>after unsuccessful laser removal treatment,<\/li>\n<li>after unsuccessful pigmentation treatment of the lips, eyes and eyebrows,<\/li>\n<li>after extensive and repeated herpes,<\/li>\n<li>after cleft lip,<\/li>\n<li>after bites,<\/li>\n<li>post-accidents, as a result of random events and surgeries (face, head) as a complement to SMP treatments (scalp pigmentation).<\/li>\n<\/ul>\n<p>&nbsp;<\/p>\n<h2>Details:<\/h2>\n<h3>Training time:<\/h3>\n<ul>\n<li><strong>2 days<\/strong><\/li>\n<\/ul>\n<h3>Training plan:<\/h3>\n<ul>\n<li><strong>Day 1:\u00a0<\/strong>10:00-18:00 theory and demonstration with instruction.<\/li>\n<li><strong>Day 2:<\/strong> 10:00-18:00 practice - question and answer session, practical aspects of the procedure, discussion of cases and exercises on models.<\/li>\n<\/ul>","protected":false},"excerpt":{"rendered":"<p>Szkolenie to dedykowane jest wykorzystaniu techniki scarINK w redukcji blizn i innych niedoskona\u0142o\u015bci na twarzy. Dzi\u0119ki precyzyjnym nak\u0142uciom metod\u0119 mikronak\u0142uwania mo\u017cna wykorzysta\u0107 nawet do niewielkich blizn potr\u0105dzikowych. Mo\u017cliwo\u015b\u0107 pracy ig\u0142\u0105 wy\u0142\u0105cznie na wg\u0142\u0119bieniu daje mo\u017cliwo\u015b\u0107 wyr\u00f3wnania powierzchni sk\u00f3ry bez jej pogrubienia wok\u00f3\u0142 defektu. Technik\u0119 scarINK wykorzystuje si\u0119 w niwelowaniu takich defekt\u00f3w, jak: przebarwienia, blizny pooparzeniowe, [&hellip;]<\/p>","protected":false},"featured_media":3142,"template":"","meta":[],"product_cat":[52],"product_tag":[],"class_list":["post-64","product","type-product","status-publish","has-post-thumbnail","hentry","product_cat-szkolenia"],"acf":[],"_links":{"self":[{"href":"https:\/\/ncskinclinic.co.uk\/en\/wp-json\/wp\/v2\/product\/64","targetHints":{"allow":["GET"]}}],"collection":[{"href":"https:\/\/ncskinclinic.co.uk\/en\/wp-json\/wp\/v2\/product"}],"about":[{"href":"https:\/\/ncskinclinic.co.uk\/en\/wp-json\/wp\/v2\/types\/product"}],"version-history":[{"count":12,"href":"https:\/\/ncskinclinic.co.uk\/en\/wp-json\/wp\/v2\/product\/64\/revisions"}],"predecessor-version":[{"id":3839,"href":"https:\/\/ncskinclinic.co.uk\/en\/wp-json\/wp\/v2\/product\/64\/revisions\/3839"}],"wp:featuredmedia":[{"embeddable":true,"href":"https:\/\/ncskinclinic.co.uk\/en\/wp-json\/wp\/v2\/media\/3142"}],"wp:attachment":[{"href":"https:\/\/ncskinclinic.co.uk\/en\/wp-json\/wp\/v2\/media?parent=64"}],"wp:term":[{"taxonomy":"product_cat","embeddable":true,"href":"https:\/\/ncskinclinic.co.uk\/en\/wp-json\/wp\/v2\/product_cat?post=64"},{"taxonomy":"product_tag","embeddable":true,"href":"https:\/\/ncskinclinic.co.uk\/en\/wp-json\/wp\/v2\/product_tag?post=64"}],"curies":[{"name":"wp","href":"https:\/\/api.w.org\/{rel}","templated":true}]}}